{"id":5637,"date":"2025-06-03T07:21:39","date_gmt":"2025-06-03T07:21:39","guid":{"rendered":"https:\/\/greenfc.com\/de\/?page_id=5637"},"modified":"2025-10-06T12:03:26","modified_gmt":"2025-10-06T12:03:26","slug":"produkt-launch-2025","status":"publish","type":"page","link":"https:\/\/greenfc.com\/de\/produkt-launch-2025\/","title":{"rendered":"Produkt Launch 2025: Pelago"},"content":{"rendered":"","protected":false},"excerpt":{"rendered":"","protected":false},"author":21,"featured_media":0,"parent":0,"menu_order":0,"comment_status":"closed","ping_status":"closed","template":"","meta":{"content-type":""},"acf":[],"yoast_head":"<!-- This site is optimized with the Yoast SEO plugin v18.0 - https:\/\/yoast.com\/wordpress\/plugins\/seo\/ -->\n<title>Produkt Launch 2025: Pelago - German - GFC<\/title>\n<meta name=\"description\" content=\"Ein von den nordischen Sch\u00e4ren inspiriertes Sitzkonzept. Modular, elegant und mit sanften Konturen f\u00fcr \u00f6ffentliche R\u00e4ume konzipiert.\" \/>\n<meta name=\"robots\" content=\"index, follow, max-snippet:-1, max-image-preview:large, max-video-preview:-1\" \/>\n<link rel=\"canonical\" href=\"https:\/\/greenfc.com\/de\/produkt-launch-2025\/\" \/>\n<meta property=\"og:locale\" content=\"de_DE\" \/>\n<meta property=\"og:type\" content=\"article\" \/>\n<meta property=\"og:title\" content=\"Produkt Launch 2025: Pelago - German - GFC\" \/>\n<meta property=\"og:description\" content=\"Ein von den nordischen Sch\u00e4ren inspiriertes Sitzkonzept. Modular, elegant und mit sanften Konturen f\u00fcr \u00f6ffentliche R\u00e4ume konzipiert.\" \/>\n<meta property=\"og:url\" content=\"https:\/\/greenfc.com\/de\/produkt-launch-2025\/\" \/>\n<meta property=\"og:site_name\" content=\"German - GFC\" \/>\n<meta property=\"article:modified_time\" content=\"2025-10-06T12:03:26+00:00\" \/>\n<meta name=\"twitter:card\" content=\"summary_large_image\" \/>\n<script type=\"application\/ld+json\" class=\"yoast-schema-graph\">{\"@context\":\"https:\/\/schema.org\",\"@graph\":[{\"@type\":\"WebSite\",\"@id\":\"https:\/\/greenfc.com\/de\/#website\",\"url\":\"https:\/\/greenfc.com\/de\/\",\"name\":\"German - GFC\",\"description\":\"We&#039;re making places matter\",\"potentialAction\":[{\"@type\":\"SearchAction\",\"target\":{\"@type\":\"EntryPoint\",\"urlTemplate\":\"https:\/\/greenfc.com\/de\/?s={search_term_string}\"},\"query-input\":\"required name=search_term_string\"}],\"inLanguage\":\"de-DE\"},{\"@type\":\"WebPage\",\"@id\":\"https:\/\/greenfc.com\/de\/produkt-launch-2025\/#webpage\",\"url\":\"https:\/\/greenfc.com\/de\/produkt-launch-2025\/\",\"name\":\"Produkt Launch 2025: Pelago - German - GFC\",\"isPartOf\":{\"@id\":\"https:\/\/greenfc.com\/de\/#website\"},\"datePublished\":\"2025-06-03T07:21:39+00:00\",\"dateModified\":\"2025-10-06T12:03:26+00:00\",\"description\":\"Ein von den nordischen Sch\u00e4ren inspiriertes Sitzkonzept. Modular, elegant und mit sanften Konturen f\u00fcr \u00f6ffentliche R\u00e4ume konzipiert.\",\"breadcrumb\":{\"@id\":\"https:\/\/greenfc.com\/de\/produkt-launch-2025\/#breadcrumb\"},\"inLanguage\":\"de-DE\",\"potentialAction\":[{\"@type\":\"ReadAction\",\"target\":[\"https:\/\/greenfc.com\/de\/produkt-launch-2025\/\"]}]},{\"@type\":\"BreadcrumbList\",\"@id\":\"https:\/\/greenfc.com\/de\/produkt-launch-2025\/#breadcrumb\",\"itemListElement\":[{\"@type\":\"ListItem\",\"position\":1,\"name\":\"Home\",\"item\":\"https:\/\/greenfc.com\/de\/\"},{\"@type\":\"ListItem\",\"position\":2,\"name\":\"Produkt Launch 2025: Pelago\"}]}]}<\/script>\n<!-- \/ Yoast SEO plugin. -->","yoast_head_json":{"title":"Produkt Launch 2025: Pelago - German - GFC","description":"Ein von den nordischen Sch\u00e4ren inspiriertes Sitzkonzept. Modular, elegant und mit sanften Konturen f\u00fcr \u00f6ffentliche R\u00e4ume konzipiert.","robots":{"index":"index","follow":"follow","max-snippet":"max-snippet:-1","max-image-preview":"max-image-preview:large","max-video-preview":"max-video-preview:-1"},"canonical":"https:\/\/greenfc.com\/de\/produkt-launch-2025\/","og_locale":"de_DE","og_type":"article","og_title":"Produkt Launch 2025: Pelago - German - GFC","og_description":"Ein von den nordischen Sch\u00e4ren inspiriertes Sitzkonzept. Modular, elegant und mit sanften Konturen f\u00fcr \u00f6ffentliche R\u00e4ume konzipiert.","og_url":"https:\/\/greenfc.com\/de\/produkt-launch-2025\/","og_site_name":"German - GFC","article_modified_time":"2025-10-06T12:03:26+00:00","twitter_card":"summary_large_image","schema":{"@context":"https:\/\/schema.org","@graph":[{"@type":"WebSite","@id":"https:\/\/greenfc.com\/de\/#website","url":"https:\/\/greenfc.com\/de\/","name":"German - GFC","description":"We&#039;re making places matter","potentialAction":[{"@type":"SearchAction","target":{"@type":"EntryPoint","urlTemplate":"https:\/\/greenfc.com\/de\/?s={search_term_string}"},"query-input":"required name=search_term_string"}],"inLanguage":"de-DE"},{"@type":"WebPage","@id":"https:\/\/greenfc.com\/de\/produkt-launch-2025\/#webpage","url":"https:\/\/greenfc.com\/de\/produkt-launch-2025\/","name":"Produkt Launch 2025: Pelago - German - GFC","isPartOf":{"@id":"https:\/\/greenfc.com\/de\/#website"},"datePublished":"2025-06-03T07:21:39+00:00","dateModified":"2025-10-06T12:03:26+00:00","description":"Ein von den nordischen Sch\u00e4ren inspiriertes Sitzkonzept. Modular, elegant und mit sanften Konturen f\u00fcr \u00f6ffentliche R\u00e4ume konzipiert.","breadcrumb":{"@id":"https:\/\/greenfc.com\/de\/produkt-launch-2025\/#breadcrumb"},"inLanguage":"de-DE","potentialAction":[{"@type":"ReadAction","target":["https:\/\/greenfc.com\/de\/produkt-launch-2025\/"]}]},{"@type":"BreadcrumbList","@id":"https:\/\/greenfc.com\/de\/produkt-launch-2025\/#breadcrumb","itemListElement":[{"@type":"ListItem","position":1,"name":"Home","item":"https:\/\/greenfc.com\/de\/"},{"@type":"ListItem","position":2,"name":"Produkt Launch 2025: Pelago"}]}]}},"_links":{"self":[{"href":"https:\/\/greenfc.com\/de\/wp-json\/wp\/v2\/pages\/5637"}],"collection":[{"href":"https:\/\/greenfc.com\/de\/wp-json\/wp\/v2\/pages"}],"about":[{"href":"https:\/\/greenfc.com\/de\/wp-json\/wp\/v2\/types\/page"}],"author":[{"embeddable":true,"href":"https:\/\/greenfc.com\/de\/wp-json\/wp\/v2\/users\/21"}],"replies":[{"embeddable":true,"href":"https:\/\/greenfc.com\/de\/wp-json\/wp\/v2\/comments?post=5637"}],"version-history":[{"count":10,"href":"https:\/\/greenfc.com\/de\/wp-json\/wp\/v2\/pages\/5637\/revisions"}],"predecessor-version":[{"id":5947,"href":"https:\/\/greenfc.com\/de\/wp-json\/wp\/v2\/pages\/5637\/revisions\/5947"}],"wp:attachment":[{"href":"https:\/\/greenfc.com\/de\/wp-json\/wp\/v2\/media?parent=5637"}],"curies":[{"name":"wp","href":"https:\/\/api.w.org\/{rel}","templated":true}]}}