{"id":5398,"date":"2024-12-16T14:34:09","date_gmt":"2024-12-16T14:34:09","guid":{"rendered":"https:\/\/greenfc.com\/de\/?page_id=5398"},"modified":"2025-11-26T09:09:59","modified_gmt":"2025-11-26T09:09:59","slug":"handbuecher-und-farbfaecher","status":"publish","type":"page","link":"https:\/\/greenfc.com\/de\/handbuecher-und-farbfaecher\/","title":{"rendered":"Handb\u00fccher und Farbf\u00e4cher"},"content":{"rendered":"","protected":false},"excerpt":{"rendered":"<p>Alle unsere Handb\u00fccher (Manuals) und Farbleitf\u00e4den (Colour Guides) f\u00fcr Ascent, Nova C, Leaf Lamp und unsere Seamless Series finden Sie auf dieser Seite.<\/p>\n","protected":false},"author":16,"featured_media":0,"parent":0,"menu_order":0,"comment_status":"closed","ping_status":"closed","template":"","meta":{"content-type":""},"acf":[],"yoast_head":"<!-- This site is optimized with the Yoast SEO plugin v18.0 - https:\/\/yoast.com\/wordpress\/plugins\/seo\/ -->\n<title>Handb\u00fccher und Farbf\u00e4cher - German - GFC<\/title>\n<meta name=\"robots\" content=\"index, follow, max-snippet:-1, max-image-preview:large, max-video-preview:-1\" \/>\n<link rel=\"canonical\" href=\"https:\/\/greenfc.com\/de\/handbuecher-und-farbfaecher\/\" \/>\n<meta property=\"og:locale\" content=\"de_DE\" \/>\n<meta property=\"og:type\" content=\"article\" \/>\n<meta property=\"og:title\" content=\"Handb\u00fccher und Farbf\u00e4cher - German - GFC\" \/>\n<meta property=\"og:description\" content=\"Alle unsere Handb\u00fccher (Manuals) und Farbleitf\u00e4den (Colour Guides) f\u00fcr Ascent, Nova C, Leaf Lamp und unsere Seamless Series finden Sie auf dieser Seite.\" \/>\n<meta property=\"og:url\" content=\"https:\/\/greenfc.com\/de\/handbuecher-und-farbfaecher\/\" \/>\n<meta property=\"og:site_name\" content=\"German - GFC\" \/>\n<meta property=\"article:modified_time\" content=\"2025-11-26T09:09:59+00:00\" \/>\n<meta name=\"twitter:card\" content=\"summary_large_image\" \/>\n<script type=\"application\/ld+json\" class=\"yoast-schema-graph\">{\"@context\":\"https:\/\/schema.org\",\"@graph\":[{\"@type\":\"WebSite\",\"@id\":\"https:\/\/greenfc.com\/de\/#website\",\"url\":\"https:\/\/greenfc.com\/de\/\",\"name\":\"German - GFC\",\"description\":\"We&#039;re making places matter\",\"potentialAction\":[{\"@type\":\"SearchAction\",\"target\":{\"@type\":\"EntryPoint\",\"urlTemplate\":\"https:\/\/greenfc.com\/de\/?s={search_term_string}\"},\"query-input\":\"required name=search_term_string\"}],\"inLanguage\":\"de-DE\"},{\"@type\":\"WebPage\",\"@id\":\"https:\/\/greenfc.com\/de\/handbuecher-und-farbfaecher\/#webpage\",\"url\":\"https:\/\/greenfc.com\/de\/handbuecher-und-farbfaecher\/\",\"name\":\"Handb\u00fccher und Farbf\u00e4cher - German - GFC\",\"isPartOf\":{\"@id\":\"https:\/\/greenfc.com\/de\/#website\"},\"datePublished\":\"2024-12-16T14:34:09+00:00\",\"dateModified\":\"2025-11-26T09:09:59+00:00\",\"breadcrumb\":{\"@id\":\"https:\/\/greenfc.com\/de\/handbuecher-und-farbfaecher\/#breadcrumb\"},\"inLanguage\":\"de-DE\",\"potentialAction\":[{\"@type\":\"ReadAction\",\"target\":[\"https:\/\/greenfc.com\/de\/handbuecher-und-farbfaecher\/\"]}]},{\"@type\":\"BreadcrumbList\",\"@id\":\"https:\/\/greenfc.com\/de\/handbuecher-und-farbfaecher\/#breadcrumb\",\"itemListElement\":[{\"@type\":\"ListItem\",\"position\":1,\"name\":\"Home\",\"item\":\"https:\/\/greenfc.com\/de\/\"},{\"@type\":\"ListItem\",\"position\":2,\"name\":\"Handb\u00fccher und Farbf\u00e4cher\"}]}]}<\/script>\n<!-- \/ Yoast SEO plugin. -->","yoast_head_json":{"title":"Handb\u00fccher und Farbf\u00e4cher - German - GFC","robots":{"index":"index","follow":"follow","max-snippet":"max-snippet:-1","max-image-preview":"max-image-preview:large","max-video-preview":"max-video-preview:-1"},"canonical":"https:\/\/greenfc.com\/de\/handbuecher-und-farbfaecher\/","og_locale":"de_DE","og_type":"article","og_title":"Handb\u00fccher und Farbf\u00e4cher - German - GFC","og_description":"Alle unsere Handb\u00fccher (Manuals) und Farbleitf\u00e4den (Colour Guides) f\u00fcr Ascent, Nova C, Leaf Lamp und unsere Seamless Series finden Sie auf dieser Seite.","og_url":"https:\/\/greenfc.com\/de\/handbuecher-und-farbfaecher\/","og_site_name":"German - GFC","article_modified_time":"2025-11-26T09:09:59+00:00","twitter_card":"summary_large_image","schema":{"@context":"https:\/\/schema.org","@graph":[{"@type":"WebSite","@id":"https:\/\/greenfc.com\/de\/#website","url":"https:\/\/greenfc.com\/de\/","name":"German - GFC","description":"We&#039;re making places matter","potentialAction":[{"@type":"SearchAction","target":{"@type":"EntryPoint","urlTemplate":"https:\/\/greenfc.com\/de\/?s={search_term_string}"},"query-input":"required name=search_term_string"}],"inLanguage":"de-DE"},{"@type":"WebPage","@id":"https:\/\/greenfc.com\/de\/handbuecher-und-farbfaecher\/#webpage","url":"https:\/\/greenfc.com\/de\/handbuecher-und-farbfaecher\/","name":"Handb\u00fccher und Farbf\u00e4cher - German - GFC","isPartOf":{"@id":"https:\/\/greenfc.com\/de\/#website"},"datePublished":"2024-12-16T14:34:09+00:00","dateModified":"2025-11-26T09:09:59+00:00","breadcrumb":{"@id":"https:\/\/greenfc.com\/de\/handbuecher-und-farbfaecher\/#breadcrumb"},"inLanguage":"de-DE","potentialAction":[{"@type":"ReadAction","target":["https:\/\/greenfc.com\/de\/handbuecher-und-farbfaecher\/"]}]},{"@type":"BreadcrumbList","@id":"https:\/\/greenfc.com\/de\/handbuecher-und-farbfaecher\/#breadcrumb","itemListElement":[{"@type":"ListItem","position":1,"name":"Home","item":"https:\/\/greenfc.com\/de\/"},{"@type":"ListItem","position":2,"name":"Handb\u00fccher und Farbf\u00e4cher"}]}]}},"_links":{"self":[{"href":"https:\/\/greenfc.com\/de\/wp-json\/wp\/v2\/pages\/5398"}],"collection":[{"href":"https:\/\/greenfc.com\/de\/wp-json\/wp\/v2\/pages"}],"about":[{"href":"https:\/\/greenfc.com\/de\/wp-json\/wp\/v2\/types\/page"}],"author":[{"embeddable":true,"href":"https:\/\/greenfc.com\/de\/wp-json\/wp\/v2\/users\/16"}],"replies":[{"embeddable":true,"href":"https:\/\/greenfc.com\/de\/wp-json\/wp\/v2\/comments?post=5398"}],"version-history":[{"count":26,"href":"https:\/\/greenfc.com\/de\/wp-json\/wp\/v2\/pages\/5398\/revisions"}],"predecessor-version":[{"id":6516,"href":"https:\/\/greenfc.com\/de\/wp-json\/wp\/v2\/pages\/5398\/revisions\/6516"}],"wp:attachment":[{"href":"https:\/\/greenfc.com\/de\/wp-json\/wp\/v2\/media?parent=5398"}],"curies":[{"name":"wp","href":"https:\/\/api.w.org\/{rel}","templated":true}]}}