{"id":2582,"date":"2022-01-07T13:25:28","date_gmt":"2022-01-07T13:25:28","guid":{"rendered":"https:\/\/greenfc.com\/?page_id=2582"},"modified":"2026-01-12T09:55:33","modified_gmt":"2026-01-12T09:55:33","slug":"vision-und-mission-von-green","status":"publish","type":"page","link":"https:\/\/greenfc.com\/de\/vision-und-mission-von-green\/","title":{"rendered":"Vision und Mission von Green"},"content":{"rendered":"","protected":false},"excerpt":{"rendered":"","protected":false},"author":7,"featured_media":0,"parent":0,"menu_order":0,"comment_status":"closed","ping_status":"closed","template":"","meta":{"content-type":""},"acf":[],"yoast_head":"<!-- This site is optimized with the Yoast SEO plugin v18.0 - https:\/\/yoast.com\/wordpress\/plugins\/seo\/ -->\n<title>Vision und Mission von Green - German - GFC<\/title>\n<meta name=\"description\" content=\"In unserer Nachhaltigkeitsarbeit w\u00e4hlen wir unsere Materialien sorgf\u00e4ltig aus und verwenden erneuerbare und recycelbare Materialien. Lesen Sie hier mehr \u00fcber die Materialauswahl.\" \/>\n<meta name=\"robots\" content=\"index, follow, max-snippet:-1, max-image-preview:large, max-video-preview:-1\" \/>\n<link rel=\"canonical\" href=\"https:\/\/greenfc.com\/de\/vision-und-mission-von-green\/\" \/>\n<meta property=\"og:locale\" content=\"de_DE\" \/>\n<meta property=\"og:type\" content=\"article\" \/>\n<meta property=\"og:title\" content=\"Vision und Mission von Green - German - GFC\" \/>\n<meta property=\"og:description\" content=\"In unserer Nachhaltigkeitsarbeit w\u00e4hlen wir unsere Materialien sorgf\u00e4ltig aus und verwenden erneuerbare und recycelbare Materialien. Lesen Sie hier mehr \u00fcber die Materialauswahl.\" \/>\n<meta property=\"og:url\" content=\"https:\/\/greenfc.com\/de\/vision-und-mission-von-green\/\" \/>\n<meta property=\"og:site_name\" content=\"German - GFC\" \/>\n<meta property=\"article:modified_time\" content=\"2026-01-12T09:55:33+00:00\" \/>\n<meta name=\"twitter:card\" content=\"summary_large_image\" \/>\n<script type=\"application\/ld+json\" class=\"yoast-schema-graph\">{\"@context\":\"https:\/\/schema.org\",\"@graph\":[{\"@type\":\"WebSite\",\"@id\":\"https:\/\/greenfc.com\/de\/#website\",\"url\":\"https:\/\/greenfc.com\/de\/\",\"name\":\"German - GFC\",\"description\":\"We&#039;re making places matter\",\"potentialAction\":[{\"@type\":\"SearchAction\",\"target\":{\"@type\":\"EntryPoint\",\"urlTemplate\":\"https:\/\/greenfc.com\/de\/?s={search_term_string}\"},\"query-input\":\"required name=search_term_string\"}],\"inLanguage\":\"de-DE\"},{\"@type\":\"WebPage\",\"@id\":\"https:\/\/greenfc.com\/de\/vision-und-mission-von-green\/#webpage\",\"url\":\"https:\/\/greenfc.com\/de\/vision-und-mission-von-green\/\",\"name\":\"Vision und Mission von Green - German - GFC\",\"isPartOf\":{\"@id\":\"https:\/\/greenfc.com\/de\/#website\"},\"datePublished\":\"2022-01-07T13:25:28+00:00\",\"dateModified\":\"2026-01-12T09:55:33+00:00\",\"description\":\"In unserer Nachhaltigkeitsarbeit w\u00e4hlen wir unsere Materialien sorgf\u00e4ltig aus und verwenden erneuerbare und recycelbare Materialien. Lesen Sie hier mehr \u00fcber die Materialauswahl.\",\"breadcrumb\":{\"@id\":\"https:\/\/greenfc.com\/de\/vision-und-mission-von-green\/#breadcrumb\"},\"inLanguage\":\"de-DE\",\"potentialAction\":[{\"@type\":\"ReadAction\",\"target\":[\"https:\/\/greenfc.com\/de\/vision-und-mission-von-green\/\"]}]},{\"@type\":\"BreadcrumbList\",\"@id\":\"https:\/\/greenfc.com\/de\/vision-und-mission-von-green\/#breadcrumb\",\"itemListElement\":[{\"@type\":\"ListItem\",\"position\":1,\"name\":\"Home\",\"item\":\"https:\/\/greenfc.com\/de\/\"},{\"@type\":\"ListItem\",\"position\":2,\"name\":\"Vision und Mission von Green\"}]}]}<\/script>\n<!-- \/ Yoast SEO plugin. -->","yoast_head_json":{"title":"Vision und Mission von Green - German - GFC","description":"In unserer Nachhaltigkeitsarbeit w\u00e4hlen wir unsere Materialien sorgf\u00e4ltig aus und verwenden erneuerbare und recycelbare Materialien. Lesen Sie hier mehr \u00fcber die Materialauswahl.","robots":{"index":"index","follow":"follow","max-snippet":"max-snippet:-1","max-image-preview":"max-image-preview:large","max-video-preview":"max-video-preview:-1"},"canonical":"https:\/\/greenfc.com\/de\/vision-und-mission-von-green\/","og_locale":"de_DE","og_type":"article","og_title":"Vision und Mission von Green - German - GFC","og_description":"In unserer Nachhaltigkeitsarbeit w\u00e4hlen wir unsere Materialien sorgf\u00e4ltig aus und verwenden erneuerbare und recycelbare Materialien. Lesen Sie hier mehr \u00fcber die Materialauswahl.","og_url":"https:\/\/greenfc.com\/de\/vision-und-mission-von-green\/","og_site_name":"German - GFC","article_modified_time":"2026-01-12T09:55:33+00:00","twitter_card":"summary_large_image","schema":{"@context":"https:\/\/schema.org","@graph":[{"@type":"WebSite","@id":"https:\/\/greenfc.com\/de\/#website","url":"https:\/\/greenfc.com\/de\/","name":"German - GFC","description":"We&#039;re making places matter","potentialAction":[{"@type":"SearchAction","target":{"@type":"EntryPoint","urlTemplate":"https:\/\/greenfc.com\/de\/?s={search_term_string}"},"query-input":"required name=search_term_string"}],"inLanguage":"de-DE"},{"@type":"WebPage","@id":"https:\/\/greenfc.com\/de\/vision-und-mission-von-green\/#webpage","url":"https:\/\/greenfc.com\/de\/vision-und-mission-von-green\/","name":"Vision und Mission von Green - German - GFC","isPartOf":{"@id":"https:\/\/greenfc.com\/de\/#website"},"datePublished":"2022-01-07T13:25:28+00:00","dateModified":"2026-01-12T09:55:33+00:00","description":"In unserer Nachhaltigkeitsarbeit w\u00e4hlen wir unsere Materialien sorgf\u00e4ltig aus und verwenden erneuerbare und recycelbare Materialien. Lesen Sie hier mehr \u00fcber die Materialauswahl.","breadcrumb":{"@id":"https:\/\/greenfc.com\/de\/vision-und-mission-von-green\/#breadcrumb"},"inLanguage":"de-DE","potentialAction":[{"@type":"ReadAction","target":["https:\/\/greenfc.com\/de\/vision-und-mission-von-green\/"]}]},{"@type":"BreadcrumbList","@id":"https:\/\/greenfc.com\/de\/vision-und-mission-von-green\/#breadcrumb","itemListElement":[{"@type":"ListItem","position":1,"name":"Home","item":"https:\/\/greenfc.com\/de\/"},{"@type":"ListItem","position":2,"name":"Vision und Mission von Green"}]}]}},"_links":{"self":[{"href":"https:\/\/greenfc.com\/de\/wp-json\/wp\/v2\/pages\/2582"}],"collection":[{"href":"https:\/\/greenfc.com\/de\/wp-json\/wp\/v2\/pages"}],"about":[{"href":"https:\/\/greenfc.com\/de\/wp-json\/wp\/v2\/types\/page"}],"author":[{"embeddable":true,"href":"https:\/\/greenfc.com\/de\/wp-json\/wp\/v2\/users\/7"}],"replies":[{"embeddable":true,"href":"https:\/\/greenfc.com\/de\/wp-json\/wp\/v2\/comments?post=2582"}],"version-history":[{"count":24,"href":"https:\/\/greenfc.com\/de\/wp-json\/wp\/v2\/pages\/2582\/revisions"}],"predecessor-version":[{"id":7030,"href":"https:\/\/greenfc.com\/de\/wp-json\/wp\/v2\/pages\/2582\/revisions\/7030"}],"wp:attachment":[{"href":"https:\/\/greenfc.com\/de\/wp-json\/wp\/v2\/media?parent=2582"}],"curies":[{"name":"wp","href":"https:\/\/api.w.org\/{rel}","templated":true}]}}